{"id":35472,"date":"2015-05-13T23:42:04","date_gmt":"2015-05-13T21:42:04","guid":{"rendered":"https:\/\/niarosa.si\/product\/bikini-kopalke-nicki-blue\/"},"modified":"2022-03-15T13:07:26","modified_gmt":"2022-03-15T12:07:26","slug":"bikini-kopalke-nicki-blue","status":"publish","type":"product","link":"https:\/\/niarosa.si\/en\/product\/bikini-kopalke-nicki-blue\/","title":{"rendered":"Bikini kopalke NICKI BLUE"},"content":{"rendered":"<p>Kopalke so sestavljene iz kvalitetnega elasti\u010dnega materiala, ki se telesu odli\u010dno prilega, zato so \u0161e posebej udobne za no\u0161njo.<\/p>\n<p>Barva: kot prikazano na sliki.<br \/>\nSestava kopalk: 82% poliamid, 18% elastan.<br \/>\nVelikost: XS, S, M, L, XL<\/p>\n<p>&nbsp;<\/p>\n","protected":false},"excerpt":{"rendered":"<p>Atraktivne \u017eenske dvodelne kopalke NICKI so nedvomno prava izbira za igrive in mladostne \u017eenske, ki prisegajo na modne modele. Kopalke so v \u010dudovitih in \u017eivih barvah, ki poudarijo tvojo zagorelo polt. Hla\u010dke krasi gost preplet vrvic. Prilo\u017eeni sta naramnici, ki si ju lahko zave\u017ee\u0161 okrog vratu.<\/p>\n","protected":false},"featured_media":35473,"comment_status":"closed","ping_status":"closed","template":"","meta":[],"product_brand":[],"product_cat":[372,339,340],"product_tag":[],"class_list":{"0":"post-35472","1":"product","2":"type-product","3":"status-publish","4":"has-post-thumbnail","6":"product_cat-sale","7":"product_cat-swimwear","8":"product_cat-two-piece-swimsuit","10":"first","11":"instock","12":"sale","13":"taxable","14":"shipping-taxable","15":"purchasable","16":"product-type-variable","17":"rtwpvs-product"},"_links":{"self":[{"href":"https:\/\/niarosa.si\/en\/wp-json\/wp\/v2\/product\/35472","targetHints":{"allow":["GET"]}}],"collection":[{"href":"https:\/\/niarosa.si\/en\/wp-json\/wp\/v2\/product"}],"about":[{"href":"https:\/\/niarosa.si\/en\/wp-json\/wp\/v2\/types\/product"}],"replies":[{"embeddable":true,"href":"https:\/\/niarosa.si\/en\/wp-json\/wp\/v2\/comments?post=35472"}],"wp:featuredmedia":[{"embeddable":true,"href":"https:\/\/niarosa.si\/en\/wp-json\/wp\/v2\/media\/35473"}],"wp:attachment":[{"href":"https:\/\/niarosa.si\/en\/wp-json\/wp\/v2\/media?parent=35472"}],"wp:term":[{"taxonomy":"product_brand","embeddable":true,"href":"https:\/\/niarosa.si\/en\/wp-json\/wp\/v2\/product_brand?post=35472"},{"taxonomy":"product_cat","embeddable":true,"href":"https:\/\/niarosa.si\/en\/wp-json\/wp\/v2\/product_cat?post=35472"},{"taxonomy":"product_tag","embeddable":true,"href":"https:\/\/niarosa.si\/en\/wp-json\/wp\/v2\/product_tag?post=35472"}],"curies":[{"name":"wp","href":"https:\/\/api.w.org\/{rel}","templated":true}]}}