{"id":33505,"date":"2022-01-24T19:32:54","date_gmt":"2022-01-24T18:32:57","guid":{"rendered":"https:\/\/niarosa.si\/?post_type=product&#038;p=33505"},"modified":"2022-01-27T09:25:16","modified_gmt":"2022-01-27T08:25:16","slug":"completo-da-donna-con-cappuccio-nero","status":"publish","type":"product","link":"https:\/\/niarosa.si\/it\/prodotto\/completo-da-donna-con-cappuccio-nero\/","title":{"rendered":"Completo da donna con cappuccio, nero"},"content":{"rendered":"<p>Completo colorato con felpa e pantaloni.<\/p>\n<p>Materiale: 90% cotone, 10% elastan<br \/>\nColore: come mostrato<br \/>\nStile\/modello: classico<br \/>\nTaglie: taglia unica (S\/M\/L)<\/p>\n<p><strong>Dimensioni felpa:<\/strong><\/p>\n<p>Larghezza ascella: 49 cm<br \/>\nLunghezza totale: 62 cm<br \/>\nLunghezza manica dalla spalla: 46 cm<br \/>\nLunghezza manica dall&#8217;ascella: 31 cm<\/p>\n<p><strong>Dimensioni dei pantaloni:<\/strong><\/p>\n<p>Larghezza vita: 36\/47 cm<br \/>\nLunghezza della gamba dal cavallo: 73 cm<br \/>\nLunghezza totale: 97 cm<\/p>\n","protected":false},"excerpt":{"rendered":"<p>Dai un&#8217;occhiata a questo set di felpa con cappuccio e pantaloni a righe colorate. Il set \u00e8 realizzato in materiale di alta qualit\u00e0. La taglia \u00e8 universale e sar\u00e0 adatta per le donne in taglia S, M o L.<\/p>\n<p><strong>Prodotto in UE<\/strong><\/p>\n<p><span class=\"tlid-translation translation\" lang=\"it\"><span title=\"\">\u00a0<\/span><\/span><\/p>\n","protected":false},"featured_media":34434,"comment_status":"closed","ping_status":"closed","template":"","meta":[],"product_brand":[],"product_cat":[583,451],"product_tag":[],"class_list":{"0":"post-33505","1":"product","2":"type-product","3":"status-publish","4":"has-post-thumbnail","6":"product_cat-abbigliamento","7":"product_cat-sets-it","8":"pa_barva-nero","10":"first","11":"instock","12":"featured","13":"taxable","14":"shipping-taxable","15":"purchasable","16":"product-type-simple"},"_links":{"self":[{"href":"https:\/\/niarosa.si\/it\/wp-json\/wp\/v2\/product\/33505","targetHints":{"allow":["GET"]}}],"collection":[{"href":"https:\/\/niarosa.si\/it\/wp-json\/wp\/v2\/product"}],"about":[{"href":"https:\/\/niarosa.si\/it\/wp-json\/wp\/v2\/types\/product"}],"replies":[{"embeddable":true,"href":"https:\/\/niarosa.si\/it\/wp-json\/wp\/v2\/comments?post=33505"}],"wp:featuredmedia":[{"embeddable":true,"href":"https:\/\/niarosa.si\/it\/wp-json\/wp\/v2\/media\/34434"}],"wp:attachment":[{"href":"https:\/\/niarosa.si\/it\/wp-json\/wp\/v2\/media?parent=33505"}],"wp:term":[{"taxonomy":"product_brand","embeddable":true,"href":"https:\/\/niarosa.si\/it\/wp-json\/wp\/v2\/product_brand?post=33505"},{"taxonomy":"product_cat","embeddable":true,"href":"https:\/\/niarosa.si\/it\/wp-json\/wp\/v2\/product_cat?post=33505"},{"taxonomy":"product_tag","embeddable":true,"href":"https:\/\/niarosa.si\/it\/wp-json\/wp\/v2\/product_tag?post=33505"}],"curies":[{"name":"wp","href":"https:\/\/api.w.org\/{rel}","templated":true}]}}