{"id":33523,"date":"2022-01-24T20:05:58","date_gmt":"2022-01-24T19:05:58","guid":{"rendered":"https:\/\/niarosa.si\/?post_type=product&#038;p=33523"},"modified":"2022-02-17T09:33:26","modified_gmt":"2022-02-17T08:33:26","slug":"completo-da-donna-con-felpa-e-pantaloni-nero","status":"publish","type":"product","link":"https:\/\/niarosa.si\/it\/prodotto\/completo-da-donna-con-felpa-e-pantaloni-nero\/","title":{"rendered":"Completo da donna con felpa e pantaloni, nero"},"content":{"rendered":"<p>Completo per il tempo libero con felpa e pantaloni.<\/p>\n<p>Materiale: 90% cotone, 10% elastan<br \/>\nColore: come mostrato<br \/>\nStile\/modello: classico<br \/>\nTaglie: taglia unica (S\/M\/L)<\/p>\n<p><strong>Dimensioni felpa:<\/strong><\/p>\n<p>Larghezza ascella: 49 cm<br \/>\nLunghezza totale: 60 cm<br \/>\nLunghezza manica dall&#8217;ascella: 45 cm<br \/>\nLunghezza manica dalla spalla: 58 cm<\/p>\n<p><strong>Dimensioni dei pantaloni:<\/strong><\/p>\n<p>Larghezza della vita: 31 cm \/ dopo l&#8217;allungamento: 41 cm<br \/>\nLunghezza della gamba dal cavallo: 71 cm<br \/>\nLunghezza totale: 93 cm<\/p>\n","protected":false},"excerpt":{"rendered":"<p>Dai un&#8217;occhiata a questo set di felpa e pantaloni dalla vestibilit\u00e0 comoda. La felpa liscia \u00e8 senza stampe. I pantaloni hanno tasche e una cravatta in vita. Il set \u00e8 realizzato in materiale di alta qualit\u00e0. <strong>La taglia \u00e8 universale e sar\u00e0 adatta per le donne di taglia S, M o L.<\/strong><\/p>\n<p><strong>Taglia: taglia unica (S\/M\/L)<\/strong><\/p>\n<p><strong>Prodotto in UE<\/strong><\/p>\n<p><span class=\"tlid-translation translation\" lang=\"it\"><span title=\"\">\u00a0<\/span><\/span><\/p>\n","protected":false},"featured_media":33999,"comment_status":"closed","ping_status":"closed","template":"","meta":[],"product_brand":[],"product_cat":[583,451],"product_tag":[],"class_list":{"0":"post-33523","1":"product","2":"type-product","3":"status-publish","4":"has-post-thumbnail","6":"product_cat-abbigliamento","7":"product_cat-sets-it","8":"pa_barva-nero","10":"first","11":"instock","12":"featured","13":"taxable","14":"shipping-taxable","15":"purchasable","16":"product-type-simple"},"_links":{"self":[{"href":"https:\/\/niarosa.si\/it\/wp-json\/wp\/v2\/product\/33523","targetHints":{"allow":["GET"]}}],"collection":[{"href":"https:\/\/niarosa.si\/it\/wp-json\/wp\/v2\/product"}],"about":[{"href":"https:\/\/niarosa.si\/it\/wp-json\/wp\/v2\/types\/product"}],"replies":[{"embeddable":true,"href":"https:\/\/niarosa.si\/it\/wp-json\/wp\/v2\/comments?post=33523"}],"wp:featuredmedia":[{"embeddable":true,"href":"https:\/\/niarosa.si\/it\/wp-json\/wp\/v2\/media\/33999"}],"wp:attachment":[{"href":"https:\/\/niarosa.si\/it\/wp-json\/wp\/v2\/media?parent=33523"}],"wp:term":[{"taxonomy":"product_brand","embeddable":true,"href":"https:\/\/niarosa.si\/it\/wp-json\/wp\/v2\/product_brand?post=33523"},{"taxonomy":"product_cat","embeddable":true,"href":"https:\/\/niarosa.si\/it\/wp-json\/wp\/v2\/product_cat?post=33523"},{"taxonomy":"product_tag","embeddable":true,"href":"https:\/\/niarosa.si\/it\/wp-json\/wp\/v2\/product_tag?post=33523"}],"curies":[{"name":"wp","href":"https:\/\/api.w.org\/{rel}","templated":true}]}}