{"id":33526,"date":"2022-01-24T20:23:14","date_gmt":"2022-01-24T19:23:15","guid":{"rendered":"https:\/\/niarosa.si\/?post_type=product&#038;p=33526"},"modified":"2022-01-27T09:43:21","modified_gmt":"2022-01-27T08:43:21","slug":"completo-due-pezzi-sportivo-da-donna-rosa","status":"publish","type":"product","link":"https:\/\/niarosa.si\/it\/prodotto\/completo-due-pezzi-sportivo-da-donna-rosa\/","title":{"rendered":"Completo due pezzi sportivo da donna, rosa"},"content":{"rendered":"<p>Completo sportivo con top e pantaloni.<\/p>\n<p>Materiale: 90% cotone, 10% elastan<br \/>\nColore: come mostrato<br \/>\nStile\/modello: classico<br \/>\nTaglie: taglia unica (S\/M\/L)<\/p>\n<p><strong>Dimensioni superiori:<\/strong><\/p>\n<p>Larghezza ascella: 38 cm<br \/>\nLunghezza totale: 60 cm<br \/>\nLunghezza manica dall&#8217;ascella: 44 cm<br \/>\nLunghezza manica dalla spalla: 55 cm<\/p>\n<p><strong>Dimensioni dei pantaloni:<\/strong><\/p>\n<p>Larghezza della vita: 35 cm \/ dopo l&#8217;allungamento: 43 cm<br \/>\nLunghezza della gamba dal cavallo: 74 cm<br \/>\nLunghezza totale: 97 cm<\/p>\n","protected":false},"excerpt":{"rendered":"<p>Dai un&#8217;occhiata a questo completo sportivo a due pezzi con top a maniche lunghe e pantaloni. Questo top \u00e8 realizzato in materiale elasticizzato a coste che si adatta perfettamente al tuo corpo. I pantaloni hanno tasche e una vita leggermente pi\u00f9 alta. Una doppia striscia cucita sui pantaloni e sulla parte superiore per il look sportivo. <strong>La taglia \u00e8 universale e sar\u00e0 adatta per le donne di taglia S, M o L.<\/strong><\/p>\n<p><strong>Taglia: taglia unica (S\/M\/L)<\/strong><\/p>\n<p><strong>Prodotto in UE<\/strong><\/p>\n<p><span class=\"tlid-translation translation\" lang=\"it\"><span title=\"\">\u00a0<\/span><\/span><\/p>\n","protected":false},"featured_media":33978,"comment_status":"closed","ping_status":"closed","template":"","meta":[],"product_brand":[],"product_cat":[583,451],"product_tag":[],"class_list":{"0":"post-33526","1":"product","2":"type-product","3":"status-publish","4":"has-post-thumbnail","6":"product_cat-abbigliamento","7":"product_cat-sets-it","8":"pa_barva-rosa","10":"first","11":"instock","12":"featured","13":"taxable","14":"shipping-taxable","15":"purchasable","16":"product-type-simple"},"_links":{"self":[{"href":"https:\/\/niarosa.si\/it\/wp-json\/wp\/v2\/product\/33526","targetHints":{"allow":["GET"]}}],"collection":[{"href":"https:\/\/niarosa.si\/it\/wp-json\/wp\/v2\/product"}],"about":[{"href":"https:\/\/niarosa.si\/it\/wp-json\/wp\/v2\/types\/product"}],"replies":[{"embeddable":true,"href":"https:\/\/niarosa.si\/it\/wp-json\/wp\/v2\/comments?post=33526"}],"wp:featuredmedia":[{"embeddable":true,"href":"https:\/\/niarosa.si\/it\/wp-json\/wp\/v2\/media\/33978"}],"wp:attachment":[{"href":"https:\/\/niarosa.si\/it\/wp-json\/wp\/v2\/media?parent=33526"}],"wp:term":[{"taxonomy":"product_brand","embeddable":true,"href":"https:\/\/niarosa.si\/it\/wp-json\/wp\/v2\/product_brand?post=33526"},{"taxonomy":"product_cat","embeddable":true,"href":"https:\/\/niarosa.si\/it\/wp-json\/wp\/v2\/product_cat?post=33526"},{"taxonomy":"product_tag","embeddable":true,"href":"https:\/\/niarosa.si\/it\/wp-json\/wp\/v2\/product_tag?post=33526"}],"curies":[{"name":"wp","href":"https:\/\/api.w.org\/{rel}","templated":true}]}}