{"id":33529,"date":"2022-01-24T20:42:53","date_gmt":"2022-01-24T19:42:54","guid":{"rendered":"https:\/\/niarosa.si\/?post_type=product&#038;p=33529"},"modified":"2022-01-27T09:48:34","modified_gmt":"2022-01-27T08:48:34","slug":"completo-due-pezzi-da-donna-rosa-scuro","status":"publish","type":"product","link":"https:\/\/niarosa.si\/it\/prodotto\/completo-due-pezzi-da-donna-rosa-scuro\/","title":{"rendered":"Completo due pezzi da donna, rosa scuro"},"content":{"rendered":"<p>Elegante set due pezzi.<\/p>\n<p>Materiale: 90% cotone, 10% elastan<br \/>\nColore: come mostrato<br \/>\nStile\/modello: classico<br \/>\nTaglie: taglia unica (S\/M\/L)<\/p>\n<p><strong>Dimensioni felpa con cappuccio:<\/strong><\/p>\n<p>Larghezza ascellare: 50 cm<br \/>\nLunghezza totale: 53 cm<br \/>\nLunghezza manica: 50 cm<br \/>\nLarghezza inferiore: 26 cm\/dopo l&#8217;allungamento: 50 cm<\/p>\n<p><strong>Dimensioni dei pantaloni:<\/strong><\/p>\n<p>Larghezza della vita: 30 cm\/dopo l&#8217;allungamento: 45 cm<br \/>\nLunghezza della gamba dal cavallo: 68 cm<br \/>\nLunghezza totale: 95 cm<\/p>\n","protected":false},"excerpt":{"rendered":"<p>Set due pezzi da donna con un&#8217;elegante felpa con cappuccio e pantaloni comodi. La felpa con cappuccio ha pieghe eleganti che sembrano incredibili. I pantaloni hanno tasche e una vita leggermente pi\u00f9 alta con un cordino per una vestibilit\u00e0 regolabile. <strong>La taglia \u00e8 universale e sar\u00e0 adatta per le donne di taglia S, M o L.<\/strong><\/p>\n<p><strong>Taglia: taglia unica (S\/M\/L)<\/strong><\/p>\n<p><strong>Prodotto in UE<\/strong><\/p>\n<p><span class=\"tlid-translation translation\" lang=\"it\"><span title=\"\">\u00a0<\/span><\/span><\/p>\n","protected":false},"featured_media":33951,"comment_status":"closed","ping_status":"closed","template":"","meta":[],"product_brand":[],"product_cat":[583,451],"product_tag":[],"class_list":{"0":"post-33529","1":"product","2":"type-product","3":"status-publish","4":"has-post-thumbnail","6":"product_cat-abbigliamento","7":"product_cat-sets-it","8":"pa_barva-rosa","10":"first","11":"outofstock","12":"featured","13":"taxable","14":"shipping-taxable","15":"purchasable","16":"product-type-simple"},"_links":{"self":[{"href":"https:\/\/niarosa.si\/it\/wp-json\/wp\/v2\/product\/33529","targetHints":{"allow":["GET"]}}],"collection":[{"href":"https:\/\/niarosa.si\/it\/wp-json\/wp\/v2\/product"}],"about":[{"href":"https:\/\/niarosa.si\/it\/wp-json\/wp\/v2\/types\/product"}],"replies":[{"embeddable":true,"href":"https:\/\/niarosa.si\/it\/wp-json\/wp\/v2\/comments?post=33529"}],"wp:featuredmedia":[{"embeddable":true,"href":"https:\/\/niarosa.si\/it\/wp-json\/wp\/v2\/media\/33951"}],"wp:attachment":[{"href":"https:\/\/niarosa.si\/it\/wp-json\/wp\/v2\/media?parent=33529"}],"wp:term":[{"taxonomy":"product_brand","embeddable":true,"href":"https:\/\/niarosa.si\/it\/wp-json\/wp\/v2\/product_brand?post=33529"},{"taxonomy":"product_cat","embeddable":true,"href":"https:\/\/niarosa.si\/it\/wp-json\/wp\/v2\/product_cat?post=33529"},{"taxonomy":"product_tag","embeddable":true,"href":"https:\/\/niarosa.si\/it\/wp-json\/wp\/v2\/product_tag?post=33529"}],"curies":[{"name":"wp","href":"https:\/\/api.w.org\/{rel}","templated":true}]}}