{"id":33532,"date":"2022-01-24T21:18:53","date_gmt":"2022-01-24T20:18:54","guid":{"rendered":"https:\/\/niarosa.si\/?post_type=product&#038;p=33532"},"modified":"2022-02-17T11:07:35","modified_gmt":"2022-02-17T10:07:35","slug":"completo-due-pezzi-da-donna-navy-blu","status":"publish","type":"product","link":"https:\/\/niarosa.si\/it\/prodotto\/completo-due-pezzi-da-donna-navy-blu\/","title":{"rendered":"Completo due pezzi da donna, navy blu"},"content":{"rendered":"<p>Elegante set, due pezzi.<\/p>\n<p>Materiale: 90% cotone, 10% elastan<br \/>\nColore: come mostrato<br \/>\nStile\/modello: classico<br \/>\nTaglie: taglia unica (S\/M\/L)<\/p>\n<p><strong>Dimensioni felpa con cappuccio:<\/strong><\/p>\n<p>Larghezza ascellare: 50 cm<br \/>\nLunghezza totale: 53 cm<br \/>\nLunghezza manica: 50 cm<br \/>\nLarghezza inferiore: 26 cm\/dopo l\u2019allungamento: 50 cm<\/p>\n<p><strong>Dimensioni dei pantaloni:<\/strong><\/p>\n<p>Larghezza della vita: 30 cm\/dopo l\u2019allungamento: 45 cm<br \/>\nLunghezza della gamba dal cavallo: 68 cm<br \/>\nLunghezza totale: 95 cm<\/p>\n","protected":false},"excerpt":{"rendered":"<p>Set due pezzi da donna con un\u2019elegante felpa con cappuccio e pantaloni comodi. La felpa con cappuccio ha pieghe eleganti che sembrano incredibili. I pantaloni hanno tasche e una vita leggermente pi\u00f9 alta con un cordino per una vestibilit\u00e0 regolabile. <strong>La taglia \u00e8 universale e sar\u00e0 adatta per le donne di taglia S, M o L.<\/strong><\/p>\n<p><strong>Taglia: taglia unica (S\/M\/L)<\/strong><\/p>\n<p><strong>Prodotto in UE<\/strong><\/p>\n<p><span class=\"tlid-translation translation\" lang=\"it\"><span title=\"\">\u00a0<\/span><\/span><\/p>\n","protected":false},"featured_media":33927,"comment_status":"closed","ping_status":"closed","template":"","meta":[],"product_brand":[],"product_cat":[583,451],"product_tag":[],"class_list":{"0":"post-33532","1":"product","2":"type-product","3":"status-publish","4":"has-post-thumbnail","6":"product_cat-abbigliamento","7":"product_cat-sets-it","8":"pa_barva-blu","10":"first","11":"instock","12":"featured","13":"taxable","14":"shipping-taxable","15":"purchasable","16":"product-type-simple"},"_links":{"self":[{"href":"https:\/\/niarosa.si\/it\/wp-json\/wp\/v2\/product\/33532","targetHints":{"allow":["GET"]}}],"collection":[{"href":"https:\/\/niarosa.si\/it\/wp-json\/wp\/v2\/product"}],"about":[{"href":"https:\/\/niarosa.si\/it\/wp-json\/wp\/v2\/types\/product"}],"replies":[{"embeddable":true,"href":"https:\/\/niarosa.si\/it\/wp-json\/wp\/v2\/comments?post=33532"}],"wp:featuredmedia":[{"embeddable":true,"href":"https:\/\/niarosa.si\/it\/wp-json\/wp\/v2\/media\/33927"}],"wp:attachment":[{"href":"https:\/\/niarosa.si\/it\/wp-json\/wp\/v2\/media?parent=33532"}],"wp:term":[{"taxonomy":"product_brand","embeddable":true,"href":"https:\/\/niarosa.si\/it\/wp-json\/wp\/v2\/product_brand?post=33532"},{"taxonomy":"product_cat","embeddable":true,"href":"https:\/\/niarosa.si\/it\/wp-json\/wp\/v2\/product_cat?post=33532"},{"taxonomy":"product_tag","embeddable":true,"href":"https:\/\/niarosa.si\/it\/wp-json\/wp\/v2\/product_tag?post=33532"}],"curies":[{"name":"wp","href":"https:\/\/api.w.org\/{rel}","templated":true}]}}