{"id":33661,"date":"2022-01-25T16:09:12","date_gmt":"2022-01-25T15:09:14","guid":{"rendered":"https:\/\/niarosa.si\/?post_type=product&#038;p=33661"},"modified":"2022-02-01T11:13:31","modified_gmt":"2022-02-01T10:13:31","slug":"abito-a-righe-con-maniche-lunghe-arancione","status":"publish","type":"product","link":"https:\/\/niarosa.si\/it\/prodotto\/abito-a-righe-con-maniche-lunghe-arancione\/","title":{"rendered":"Abito a righe con maniche lunghe, arancione"},"content":{"rendered":"<p>Abito per il tempo libero<\/p>\n<p><strong>Materiale:<\/strong> 90% cotone, 10% elastan<br \/>\n<strong>Colore:<\/strong> come mostrato<br \/>\n<strong>Stile\/modello:<\/strong> classico<br \/>\n<strong>Taglie:<\/strong> taglia unica (S\/M\/L)<\/p>\n<p>Larghezza del torace: 47 cm<br \/>\nLunghezza manica dall&#8217;ascella: 30 cm<br \/>\nLunghezza totale: 93 cm<br \/>\nLa larghezza dei fianchi: 42 cm<\/p>\n","protected":false},"excerpt":{"rendered":"<p>L&#8217;abito con una meravigliosa combinazione di colori \u00e8 un&#8217;ottima scelta per il tempo libero. Con nastro in vita da annodare e maniche lunghe. La taglia \u00e8 universale e sar\u00e0 adatta per le donne che indossano taglie S\/M\/L.<\/p>\n<p>Taglie: taglia unica (S\/M\/L)<\/p>\n<p><strong>Prodotto in UE<\/strong><\/p>\n<p><span class=\"tlid-translation translation\" lang=\"it\"><span title=\"\">\u00a0<\/span><\/span><\/p>\n","protected":false},"featured_media":33837,"comment_status":"closed","ping_status":"closed","template":"","meta":[],"product_brand":[],"product_cat":[583,464],"product_tag":[],"class_list":{"0":"post-33661","1":"product","2":"type-product","3":"status-publish","4":"has-post-thumbnail","6":"product_cat-abbigliamento","7":"product_cat-vestiti","8":"pa_barva-arancione","10":"first","11":"instock","12":"featured","13":"taxable","14":"shipping-taxable","15":"purchasable","16":"product-type-simple"},"_links":{"self":[{"href":"https:\/\/niarosa.si\/it\/wp-json\/wp\/v2\/product\/33661","targetHints":{"allow":["GET"]}}],"collection":[{"href":"https:\/\/niarosa.si\/it\/wp-json\/wp\/v2\/product"}],"about":[{"href":"https:\/\/niarosa.si\/it\/wp-json\/wp\/v2\/types\/product"}],"replies":[{"embeddable":true,"href":"https:\/\/niarosa.si\/it\/wp-json\/wp\/v2\/comments?post=33661"}],"wp:featuredmedia":[{"embeddable":true,"href":"https:\/\/niarosa.si\/it\/wp-json\/wp\/v2\/media\/33837"}],"wp:attachment":[{"href":"https:\/\/niarosa.si\/it\/wp-json\/wp\/v2\/media?parent=33661"}],"wp:term":[{"taxonomy":"product_brand","embeddable":true,"href":"https:\/\/niarosa.si\/it\/wp-json\/wp\/v2\/product_brand?post=33661"},{"taxonomy":"product_cat","embeddable":true,"href":"https:\/\/niarosa.si\/it\/wp-json\/wp\/v2\/product_cat?post=33661"},{"taxonomy":"product_tag","embeddable":true,"href":"https:\/\/niarosa.si\/it\/wp-json\/wp\/v2\/product_tag?post=33661"}],"curies":[{"name":"wp","href":"https:\/\/api.w.org\/{rel}","templated":true}]}}