{"id":33681,"date":"2022-01-25T17:18:28","date_gmt":"2022-01-25T16:18:28","guid":{"rendered":"https:\/\/niarosa.si\/?post_type=product&#038;p=33681"},"modified":"2022-02-01T11:25:44","modified_gmt":"2022-02-01T10:25:44","slug":"abito-elegante-con-scollo-a-v-blu-navy","status":"publish","type":"product","link":"https:\/\/niarosa.si\/it\/prodotto\/abito-elegante-con-scollo-a-v-blu-navy\/","title":{"rendered":"Abito elegante con scollo a V, blu navy"},"content":{"rendered":"<p>Abito elegante per il tempo libero<\/p>\n<p><strong>Materiale:<\/strong> 90% cotone, 10% elastan<br \/>\n<strong>Colore:<\/strong> come mostrato<br \/>\n<strong>Stile\/modello:<\/strong> classico<br \/>\n<strong>Taglie:<\/strong> taglia unica (S\/M\/L)<\/p>\n<p>Larghezza ascellare: 30 cm\/ dopo lo stretching: 38 cm<br \/>\nLunghezza manica dall&#8217;ascella: 43 cm<br \/>\nLunghezza totale: 92 cm<\/p>\n","protected":false},"excerpt":{"rendered":"<p>Un vestito elegante con scollo a V sottolinea magnificamente la tua figura. \u00c8 realizzato in materiale elastico e di qualit\u00e0 che respira. La taglia \u00e8 universale e sar\u00e0 adatta per le donne che indossano taglie S\/M\/L.<\/p>\n<p><strong>Taglie:<\/strong> taglia unica (S\/M\/L)<\/p>\n<p><strong>Prodotto in UE<\/strong><\/p>\n<p><span class=\"tlid-translation translation\" lang=\"it\"><span title=\"\">\u00a0<\/span><\/span><\/p>\n","protected":false},"featured_media":33765,"comment_status":"closed","ping_status":"closed","template":"","meta":[],"product_brand":[],"product_cat":[583,464],"product_tag":[],"class_list":{"0":"post-33681","1":"product","2":"type-product","3":"status-publish","4":"has-post-thumbnail","6":"product_cat-abbigliamento","7":"product_cat-vestiti","8":"pa_barva-blu","10":"first","11":"instock","12":"featured","13":"taxable","14":"shipping-taxable","15":"purchasable","16":"product-type-simple"},"_links":{"self":[{"href":"https:\/\/niarosa.si\/it\/wp-json\/wp\/v2\/product\/33681","targetHints":{"allow":["GET"]}}],"collection":[{"href":"https:\/\/niarosa.si\/it\/wp-json\/wp\/v2\/product"}],"about":[{"href":"https:\/\/niarosa.si\/it\/wp-json\/wp\/v2\/types\/product"}],"replies":[{"embeddable":true,"href":"https:\/\/niarosa.si\/it\/wp-json\/wp\/v2\/comments?post=33681"}],"wp:featuredmedia":[{"embeddable":true,"href":"https:\/\/niarosa.si\/it\/wp-json\/wp\/v2\/media\/33765"}],"wp:attachment":[{"href":"https:\/\/niarosa.si\/it\/wp-json\/wp\/v2\/media?parent=33681"}],"wp:term":[{"taxonomy":"product_brand","embeddable":true,"href":"https:\/\/niarosa.si\/it\/wp-json\/wp\/v2\/product_brand?post=33681"},{"taxonomy":"product_cat","embeddable":true,"href":"https:\/\/niarosa.si\/it\/wp-json\/wp\/v2\/product_cat?post=33681"},{"taxonomy":"product_tag","embeddable":true,"href":"https:\/\/niarosa.si\/it\/wp-json\/wp\/v2\/product_tag?post=33681"}],"curies":[{"name":"wp","href":"https:\/\/api.w.org\/{rel}","templated":true}]}}