{"id":33684,"date":"2022-01-25T17:40:52","date_gmt":"2022-01-25T16:40:53","guid":{"rendered":"https:\/\/niarosa.si\/?post_type=product&#038;p=33684"},"modified":"2022-02-01T11:27:10","modified_gmt":"2022-02-01T10:27:10","slug":"abito-estivo-per-il-tempo-libero-menta-scuro","status":"publish","type":"product","link":"https:\/\/niarosa.si\/it\/prodotto\/abito-estivo-per-il-tempo-libero-menta-scuro\/","title":{"rendered":"Abito estivo per il tempo libero, menta scuro"},"content":{"rendered":"<p>Abito estivo per il tempo libero<\/p>\n<p><strong>Materiale:<\/strong> 90% viscosa, 10% elastan<br \/>\n<strong>Colore:<\/strong> come mostrato<br \/>\n<strong>Stile\/modello:<\/strong> classico<br \/>\n<strong>Taglie:<\/strong> taglia unica (S\/M\/L)<\/p>\n<p>Larghezza del torace: 46 cm<br \/>\nLunghezza totale: 100 cm<br \/>\nLarghezza della vita: 33 cm\/ dopo l&#8217;allungamento: 46 cm<br \/>\nLarghezza fianchi: 44 cm<\/p>\n","protected":false},"excerpt":{"rendered":"<p>Un vestito estivo leggero \u00e8 un&#8217;ottima scelta per le tue attivit\u00e0 quotidiane. Con tasche e coulisse in vita, che puoi regolare e annodare a tuo piacimento. La taglia \u00e8 universale e sar\u00e0 adatta per le donne che indossano taglie S\/M\/L.<\/p>\n<p><strong>Taglie:<\/strong> taglia unica (S\/M\/L)<\/p>\n<p><strong>Prodotto in UE<\/strong><\/p>\n<p><span class=\"tlid-translation translation\" lang=\"it\"><span title=\"\">\u00a0<\/span><\/span><\/p>\n","protected":false},"featured_media":33723,"comment_status":"closed","ping_status":"closed","template":"","meta":[],"product_brand":[],"product_cat":[583,464],"product_tag":[],"class_list":{"0":"post-33684","1":"product","2":"type-product","3":"status-publish","4":"has-post-thumbnail","6":"product_cat-abbigliamento","7":"product_cat-vestiti","8":"pa_barva-verde","10":"first","11":"instock","12":"featured","13":"taxable","14":"shipping-taxable","15":"purchasable","16":"product-type-simple"},"_links":{"self":[{"href":"https:\/\/niarosa.si\/it\/wp-json\/wp\/v2\/product\/33684","targetHints":{"allow":["GET"]}}],"collection":[{"href":"https:\/\/niarosa.si\/it\/wp-json\/wp\/v2\/product"}],"about":[{"href":"https:\/\/niarosa.si\/it\/wp-json\/wp\/v2\/types\/product"}],"replies":[{"embeddable":true,"href":"https:\/\/niarosa.si\/it\/wp-json\/wp\/v2\/comments?post=33684"}],"wp:featuredmedia":[{"embeddable":true,"href":"https:\/\/niarosa.si\/it\/wp-json\/wp\/v2\/media\/33723"}],"wp:attachment":[{"href":"https:\/\/niarosa.si\/it\/wp-json\/wp\/v2\/media?parent=33684"}],"wp:term":[{"taxonomy":"product_brand","embeddable":true,"href":"https:\/\/niarosa.si\/it\/wp-json\/wp\/v2\/product_brand?post=33684"},{"taxonomy":"product_cat","embeddable":true,"href":"https:\/\/niarosa.si\/it\/wp-json\/wp\/v2\/product_cat?post=33684"},{"taxonomy":"product_tag","embeddable":true,"href":"https:\/\/niarosa.si\/it\/wp-json\/wp\/v2\/product_tag?post=33684"}],"curies":[{"name":"wp","href":"https:\/\/api.w.org\/{rel}","templated":true}]}}