{"id":33690,"date":"2022-01-25T18:27:35","date_gmt":"2022-01-25T17:27:35","guid":{"rendered":"https:\/\/niarosa.si\/?post_type=product&#038;p=33690"},"modified":"2022-02-01T11:52:59","modified_gmt":"2022-02-01T10:52:59","slug":"felpa-con-cappuccio-lunga-da-donna-con-zip-nera","status":"publish","type":"product","link":"https:\/\/niarosa.si\/it\/prodotto\/felpa-con-cappuccio-lunga-da-donna-con-zip-nera\/","title":{"rendered":"Felpa con cappuccio lunga da donna con zip, nera"},"content":{"rendered":"<p><span class=\"tlid-translation translation\" lang=\"it\"><span class=\"\" title=\"\">Felpa con cappuccio MNX con design unico.<\/span><\/span><\/p>\n<p><span class=\"\" title=\"\"><strong>Materiale:<\/strong> 80% cotone, 20% poliestere<\/span><br \/>\n<span title=\"\"><strong>Colore:<\/strong> come mostrato<\/span><br \/>\n<span title=\"\"><strong>Stile \/ modello:<\/strong> classico<\/span><br \/>\n<span title=\"\"><strong>Taglie:<\/strong> XS, S, M, L<br \/>\n<\/span><\/p>\n<p><em><span title=\"\">Modello su foto (178cm, 69kg) indossa taglia M.<\/span><\/em><\/p>\n","protected":false},"excerpt":{"rendered":"<p>Una lunga felpa con cappuccio oversize \u00e8 perfetta per i giorni pi\u00f9 freddi. \u00c8 molto comodo grazie al semplice taglio ampio. La taglia \u00e8 universale e sar\u00e0 adatta per le donne che indossano taglie S\/M\/L.<\/p>\n<p><strong>Taglie: taglia unica (S\/M\/L)<\/strong><\/p>\n<p><strong>Prodotto in UE<\/strong><\/p>\n","protected":false},"featured_media":33693,"comment_status":"closed","ping_status":"closed","template":"","meta":[],"product_brand":[],"product_cat":[583,446],"product_tag":[],"class_list":{"0":"post-33690","1":"product","2":"type-product","3":"status-publish","4":"has-post-thumbnail","6":"product_cat-abbigliamento","7":"product_cat-giacche-e-maglioni","8":"pa_barva-nero","10":"first","11":"outofstock","12":"featured","13":"taxable","14":"shipping-taxable","15":"purchasable","16":"product-type-simple"},"_links":{"self":[{"href":"https:\/\/niarosa.si\/it\/wp-json\/wp\/v2\/product\/33690","targetHints":{"allow":["GET"]}}],"collection":[{"href":"https:\/\/niarosa.si\/it\/wp-json\/wp\/v2\/product"}],"about":[{"href":"https:\/\/niarosa.si\/it\/wp-json\/wp\/v2\/types\/product"}],"replies":[{"embeddable":true,"href":"https:\/\/niarosa.si\/it\/wp-json\/wp\/v2\/comments?post=33690"}],"wp:featuredmedia":[{"embeddable":true,"href":"https:\/\/niarosa.si\/it\/wp-json\/wp\/v2\/media\/33693"}],"wp:attachment":[{"href":"https:\/\/niarosa.si\/it\/wp-json\/wp\/v2\/media?parent=33690"}],"wp:term":[{"taxonomy":"product_brand","embeddable":true,"href":"https:\/\/niarosa.si\/it\/wp-json\/wp\/v2\/product_brand?post=33690"},{"taxonomy":"product_cat","embeddable":true,"href":"https:\/\/niarosa.si\/it\/wp-json\/wp\/v2\/product_cat?post=33690"},{"taxonomy":"product_tag","embeddable":true,"href":"https:\/\/niarosa.si\/it\/wp-json\/wp\/v2\/product_tag?post=33690"}],"curies":[{"name":"wp","href":"https:\/\/api.w.org\/{rel}","templated":true}]}}