{"id":34451,"date":"2022-02-15T14:05:56","date_gmt":"2022-02-15T13:05:57","guid":{"rendered":"https:\/\/niarosa.si\/?post_type=product&#038;p=34451"},"modified":"2022-02-15T14:38:39","modified_gmt":"2022-02-15T13:38:39","slug":"2x-bos-collagen-500ml-regalo","status":"publish","type":"product","link":"https:\/\/niarosa.si\/it\/prodotto\/2x-bos-collagen-500ml-regalo\/","title":{"rendered":"2x BOS collagen 500ml + REGALO"},"content":{"rendered":"<p><strong>BOS \u2122<\/strong> \u00e8 stato creato con una missione fondamentale \u2026 <strong>eliminare i blocchi di disidratazione<\/strong> durante allenamenti intensi \u2026 inondando i muscoli, i legamenti e le cellule delle articolazioni con <strong>ultra-riparatori, collagene idrolizzato puro al 100%, MSM, glutammina, vitamine e minerali essenziali.<\/strong><\/p>\n<p>E\u2019 formulato per aumentare la naturale abilit\u00e0 del corpo di <strong>proteggersi dai danni ai muscoli, legamenti ed articolazioni.<\/strong><\/p>\n<p>BOS\u2122 \u00e8 fondamentale per <strong>aumentare la forza dei tuoi muscoli<\/strong> \u00a0grazie ad un mix <strong>perfetto di collagene idrolizzato e MSM<\/strong>. Riduce il tempo di recupero dopo l\u2019allenamento!<\/p>\n<p><strong>BOS Body of Strength\u2122 supporta:<\/strong><br \/>\n*\u00a0\u00a0\u00a0 Sviluppo di massa muscolare<br \/>\n*\u00a0\u00a0\u00a0 Recupero muscolare<br \/>\n*\u00a0\u00a0\u00a0 Protezione delle articolazioni<br \/>\n*\u00a0\u00a0\u00a0 Miglior Metabolismo<br \/>\n*\u00a0\u00a0\u00a0 Riduzione dei tempi di recupero post allenamento<\/p>\n<p><span style=\"color: #ff00ff;\">6 Modi con cui la <strong>disidratazione<\/strong> pu\u00f2 <strong><em>paralizzare<\/em><\/strong> i tuoi allenamenti.<br \/>\n<\/span><strong>1. Le tue performance, struttura corporea, salute di <\/strong><strong>muscoli ed articolazioni e recupero dopo <\/strong><strong>l\u2019allenamento sono tutti fattori condizionati dal <\/strong><strong>tuo livello di idratazione.<br \/>\n<\/strong>2. I tuoi reni sotto sottoposti a lavori forzati quando assumi quantitativi importanti di integratori e di proteine, perch\u00e8 devono comunque processarli all\u2019interno dell\u2019organismo.<br \/>\n3. <strong>Condizioni di disidratazione possono aumentare la pressione sanguigna che di conseguenza incrementa la pressione arteriosa in fase di allenamento intenso.<br \/>\n<\/strong>4. Una piccola disidratazione dal 2 al 3% pu\u00f2 ridurre la capacit\u00e0 di eliminare l\u2019acido lattico dannoso e pu\u00f2 ridurre le prestazioni di allenamento del 20% o pi\u00f9.<br \/>\n5. Il modo pi\u00f9 semplice per frenare il desiderio di cibo e bruciare pi\u00f9 grassi \u00e8 aumentare l\u2019assunzione di acqua.<br \/>\n6. <strong>Il muscolo \u00e8 costituito per il 70% da acqua.<br \/>\n<\/strong><br \/>\nQuindi, per ottenere il massimo volume muscolare, una corretta idratazione \u00e8 fondamentale. Livelli elevati di assunzione di acqua eliminano qualsiasi problema di ritenzione idrica in eccesso e aiutano a mantenere l\u2019equilibrio del sodio.<\/p>\n<div class=\"elementor-column elementor-col-50 elementor-top-column elementor-element elementor-element-99788ac\" data-id=\"99788ac\" data-element_type=\"column\">\n<div class=\"elementor-column-wrap elementor-element-populated\">\n<div class=\"elementor-widget-wrap\">\n<div class=\"elementor-element elementor-element-df3341b elementor-widget elementor-widget-text-editor\" data-id=\"df3341b\" data-element_type=\"widget\" data-widget_type=\"text-editor.default\">\n<div class=\"elementor-widget-container\">\n<div class=\"elementor-text-editor elementor-clearfix\">\n<p><span style=\"color: #ff00ff;\"><strong>Come funziona il collagene idrolizzato<\/strong><\/span><\/p>\n<\/div>\n<\/div>\n<\/div>\n<div class=\"elementor-element elementor-element-ded890c elementor-widget elementor-widget-text-editor\" data-id=\"ded890c\" data-element_type=\"widget\" data-widget_type=\"text-editor.default\">\n<div class=\"elementor-widget-container\">\n<div class=\"elementor-text-editor elementor-clearfix\">\n<p><strong>Gli integratori di collagene idrolizzato possono ridurre il dolore articolare,<\/strong><strong> migliorare la flessibilit\u00e0 e aiutare a formare nuove ossa.<br \/>\n<\/strong><br \/>\nIl collagene \u00e8 ricco di quattro importanti aminoacidi: arginina, glicina, prolina e idrossiprolina; i mattoni delle proteine. I fibroblasti producono collagene al\u2019interno delle cellule e creano tessuto connettivo, tendini, articolazioni e muscoli.<\/p>\n<p>Il collagene viene scomposto in unit\u00e0 pi\u00f9 piccole di proteine (peptidi di collagene) mediante uno speciale processo chiamato idrolisi per produrre il collagene idrolizzato.<\/p>\n<p><strong>Il collagene completamente idrolizzato viene sottoposto ad un particolare processo che migliora la solubilit\u00e0 del collagene in modo che sia pi\u00f9 facile da digerire e aiuta a rigenerare le cellule usurate a causa dello sforzo estremo durante gli allenamenti.<\/strong><\/p>\n<p>&nbsp;<\/p>\n<p>Body of StrengthBOS Collagen \u2122 contiene collagene completamente idrolizzato, MSM e glucosamina..<\/p>\n<\/div>\n<\/div>\n<\/div>\n<\/div>\n<\/div>\n<\/div>\n","protected":false},"excerpt":{"rendered":"<p><span lang=\"it\"><span class=\"tlid-translation translation\" lang=\"it\"><span title=\"\">BOS\u2122 \u00e8 la bevanda numero uno al mondo, <strong><span style=\"color: #ff00ff;\">completamente naturale, senza zucchero, senza glutine, ad alto contenuto proteico<\/span>,<\/strong> ULTRA IDRATANTE &amp; PER IL RECUPERO RAPIDO POST ALLENAMENTO A BASE DI COLLAGENE IDROLIZZATO 100%.<\/span><\/span><\/span><\/p>\n<ul>\n<li>Al gusto di arancia.<\/li>\n<li>Contiene <strong>8.000 mg di collagene<\/strong>, 300 mg di glucosamina solfato, <strong>500 mg di MSM<\/strong> (cosiddetto minerale di bellezza), zinco, magnesio e vitamine A, B12, C e D.<\/li>\n<li>Per la rigenerazione del corpo dopo l&#8217;attivit\u00e0 sportiva e l&#8217;energia,<\/li>\n<li>Per ripristinare tessuti, ossa, capelli e unghie,<\/li>\n<li>Per ringiovanire la pelle.<\/li>\n<\/ul>\n<h3><span class=\"VIiyi\" lang=\"it\"><span class=\"JLqJ4b ChMk0b\" data-language-for-alternatives=\"it\" data-language-to-translate-into=\"en\" data-phrase-index=\"0\"><strong>Il super pacchetto<\/strong> <strong>include <span style=\"color: #ff0000;\">2x<\/span> 500 ml di collagene BOS<\/strong> + <strong><span style=\"text-decoration: underline;\">REGALO<\/span>!<\/strong><\/span><\/span><\/h3>\n","protected":false},"featured_media":34457,"comment_status":"closed","ping_status":"closed","template":"","meta":[],"product_brand":[],"product_cat":[530],"product_tag":[],"class_list":{"0":"post-34451","1":"product","2":"type-product","3":"status-publish","4":"has-post-thumbnail","6":"product_cat-collagene","8":"first","9":"outofstock","10":"sale","11":"taxable","12":"shipping-taxable","13":"purchasable","14":"product-type-simple"},"_links":{"self":[{"href":"https:\/\/niarosa.si\/it\/wp-json\/wp\/v2\/product\/34451","targetHints":{"allow":["GET"]}}],"collection":[{"href":"https:\/\/niarosa.si\/it\/wp-json\/wp\/v2\/product"}],"about":[{"href":"https:\/\/niarosa.si\/it\/wp-json\/wp\/v2\/types\/product"}],"replies":[{"embeddable":true,"href":"https:\/\/niarosa.si\/it\/wp-json\/wp\/v2\/comments?post=34451"}],"wp:featuredmedia":[{"embeddable":true,"href":"https:\/\/niarosa.si\/it\/wp-json\/wp\/v2\/media\/34457"}],"wp:attachment":[{"href":"https:\/\/niarosa.si\/it\/wp-json\/wp\/v2\/media?parent=34451"}],"wp:term":[{"taxonomy":"product_brand","embeddable":true,"href":"https:\/\/niarosa.si\/it\/wp-json\/wp\/v2\/product_brand?post=34451"},{"taxonomy":"product_cat","embeddable":true,"href":"https:\/\/niarosa.si\/it\/wp-json\/wp\/v2\/product_cat?post=34451"},{"taxonomy":"product_tag","embeddable":true,"href":"https:\/\/niarosa.si\/it\/wp-json\/wp\/v2\/product_tag?post=34451"}],"curies":[{"name":"wp","href":"https:\/\/api.w.org\/{rel}","templated":true}]}}