{"id":35541,"date":"2017-04-25T23:30:58","date_gmt":"2017-04-25T21:30:58","guid":{"rendered":"https:\/\/niarosa.si\/product\/dvodelne-kopalke-janice-temno-modra\/"},"modified":"2022-02-18T14:34:09","modified_gmt":"2022-02-18T13:34:09","slug":"costume-da-bagno-a-due-pezzi-janice-dark-blu","status":"publish","type":"product","link":"https:\/\/niarosa.si\/it\/prodotto\/costume-da-bagno-a-due-pezzi-janice-dark-blu\/","title":{"rendered":"Costume da bagno a due pezzi Janice, dark blu"},"content":{"rendered":"<p>I costumi da bagno sono realizzati in materiale elastico di qualit\u00e0 che si adatta perfettamente al corpo, quindi sono particolarmente comodi da indossare.<\/p>\n<p>Colore: come mostrato nell&#8217;immagine.<br \/>\nComposizione: 82% poliammide, 18% elastan.<br \/>\nTaglia: S, M, L, XL<\/p>\n","protected":false},"excerpt":{"rendered":"<p>Il bellissimo costume da bagno di Janica con un motivo retr\u00f2 \u00e8 il successo estivo di quest&#8217;anno. Il costume da bagno \u00e8 foderato con graziose balze. Disponibile in due colori.<\/p>\n","protected":false},"featured_media":30139,"comment_status":"closed","ping_status":"closed","template":"","meta":[],"product_brand":[],"product_cat":[454,453,486],"product_tag":[],"class_list":{"0":"post-35541","1":"product","2":"type-product","3":"status-publish","4":"has-post-thumbnail","6":"product_cat-costume-da-bagno-a-due-pezzi","7":"product_cat-costumi-da-bagno","8":"product_cat-saldi","9":"pa_barva-blu","11":"first","12":"instock","13":"sale","14":"taxable","15":"shipping-taxable","16":"purchasable","17":"product-type-variable","18":"has-default-attributes","19":"rtwpvs-product"},"_links":{"self":[{"href":"https:\/\/niarosa.si\/it\/wp-json\/wp\/v2\/product\/35541","targetHints":{"allow":["GET"]}}],"collection":[{"href":"https:\/\/niarosa.si\/it\/wp-json\/wp\/v2\/product"}],"about":[{"href":"https:\/\/niarosa.si\/it\/wp-json\/wp\/v2\/types\/product"}],"replies":[{"embeddable":true,"href":"https:\/\/niarosa.si\/it\/wp-json\/wp\/v2\/comments?post=35541"}],"wp:featuredmedia":[{"embeddable":true,"href":"https:\/\/niarosa.si\/it\/wp-json\/wp\/v2\/media\/30139"}],"wp:attachment":[{"href":"https:\/\/niarosa.si\/it\/wp-json\/wp\/v2\/media?parent=35541"}],"wp:term":[{"taxonomy":"product_brand","embeddable":true,"href":"https:\/\/niarosa.si\/it\/wp-json\/wp\/v2\/product_brand?post=35541"},{"taxonomy":"product_cat","embeddable":true,"href":"https:\/\/niarosa.si\/it\/wp-json\/wp\/v2\/product_cat?post=35541"},{"taxonomy":"product_tag","embeddable":true,"href":"https:\/\/niarosa.si\/it\/wp-json\/wp\/v2\/product_tag?post=35541"}],"curies":[{"name":"wp","href":"https:\/\/api.w.org\/{rel}","templated":true}]}}