{"id":35623,"date":"2015-08-21T14:01:59","date_gmt":"2015-08-21T12:01:59","guid":{"rendered":"https:\/\/niarosa.si\/product\/elegantna-ogrlica-nina\/"},"modified":"2022-02-18T14:59:48","modified_gmt":"2022-02-18T13:59:48","slug":"collana-elegante-nina","status":"publish","type":"product","link":"https:\/\/niarosa.si\/it\/prodotto\/collana-elegante-nina\/","title":{"rendered":"Collana elegante NINA"},"content":{"rendered":"<p>Elegante collana color oro.<\/p>\n<p>Colore: come mostrato nell&#8217;immagine.<br \/>\nLunghezza collana: massimo 61 cm.<\/p>\n","protected":false},"excerpt":{"rendered":"<p>Ti piacer\u00e0 subito l&#8217;elegante collana NINA color oro. La collana ha una collana lavorata a maglia pi\u00f9 solida e pi\u00f9 densa, e nel mezzo ci sono quadrati dorati infilati che si attorcigliano.<\/p>\n","protected":false},"featured_media":29025,"comment_status":"closed","ping_status":"closed","template":"","meta":[],"product_brand":[],"product_cat":[447,486],"product_tag":[],"class_list":{"0":"post-35623","1":"product","2":"type-product","3":"status-publish","4":"has-post-thumbnail","6":"product_cat-accessori-alla-moda","7":"product_cat-saldi","9":"first","10":"instock","11":"sale","12":"taxable","13":"shipping-taxable","14":"purchasable","15":"product-type-simple"},"_links":{"self":[{"href":"https:\/\/niarosa.si\/it\/wp-json\/wp\/v2\/product\/35623","targetHints":{"allow":["GET"]}}],"collection":[{"href":"https:\/\/niarosa.si\/it\/wp-json\/wp\/v2\/product"}],"about":[{"href":"https:\/\/niarosa.si\/it\/wp-json\/wp\/v2\/types\/product"}],"replies":[{"embeddable":true,"href":"https:\/\/niarosa.si\/it\/wp-json\/wp\/v2\/comments?post=35623"}],"wp:featuredmedia":[{"embeddable":true,"href":"https:\/\/niarosa.si\/it\/wp-json\/wp\/v2\/media\/29025"}],"wp:attachment":[{"href":"https:\/\/niarosa.si\/it\/wp-json\/wp\/v2\/media?parent=35623"}],"wp:term":[{"taxonomy":"product_brand","embeddable":true,"href":"https:\/\/niarosa.si\/it\/wp-json\/wp\/v2\/product_brand?post=35623"},{"taxonomy":"product_cat","embeddable":true,"href":"https:\/\/niarosa.si\/it\/wp-json\/wp\/v2\/product_cat?post=35623"},{"taxonomy":"product_tag","embeddable":true,"href":"https:\/\/niarosa.si\/it\/wp-json\/wp\/v2\/product_tag?post=35623"}],"curies":[{"name":"wp","href":"https:\/\/api.w.org\/{rel}","templated":true}]}}