{"id":35646,"date":"2015-09-17T12:57:55","date_gmt":"2015-09-17T10:57:55","guid":{"rendered":"https:\/\/niarosa.si\/product\/elegantna-zapestnica-lori\/"},"modified":"2022-02-18T15:05:59","modified_gmt":"2022-02-18T14:05:59","slug":"elegante-bracciale-lori","status":"publish","type":"product","link":"https:\/\/niarosa.si\/it\/prodotto\/elegante-bracciale-lori\/","title":{"rendered":"Elegante bracciale Lori"},"content":{"rendered":"<p>Bracciale elastico con perline.<\/p>\n<p>Lunghezza: massimo 24 cm.<br \/>\nColore: come mostrato nell&#8217;immagine.<\/p>\n","protected":false},"excerpt":{"rendered":"<p>L&#8217;elegante bracciale Lori \u00e8 costituito da un intreccio di perle e diamanti su una catena d&#8217;oro. Poich\u00e9 \u00e8 composto da diverse articolazioni, si adatta bene al polso.<\/p>\n","protected":false},"featured_media":29301,"comment_status":"closed","ping_status":"closed","template":"","meta":[],"product_brand":[],"product_cat":[447,486],"product_tag":[],"class_list":{"0":"post-35646","1":"product","2":"type-product","3":"status-publish","4":"has-post-thumbnail","6":"product_cat-accessori-alla-moda","7":"product_cat-saldi","9":"first","10":"instock","11":"sale","12":"taxable","13":"shipping-taxable","14":"purchasable","15":"product-type-simple"},"_links":{"self":[{"href":"https:\/\/niarosa.si\/it\/wp-json\/wp\/v2\/product\/35646","targetHints":{"allow":["GET"]}}],"collection":[{"href":"https:\/\/niarosa.si\/it\/wp-json\/wp\/v2\/product"}],"about":[{"href":"https:\/\/niarosa.si\/it\/wp-json\/wp\/v2\/types\/product"}],"replies":[{"embeddable":true,"href":"https:\/\/niarosa.si\/it\/wp-json\/wp\/v2\/comments?post=35646"}],"wp:featuredmedia":[{"embeddable":true,"href":"https:\/\/niarosa.si\/it\/wp-json\/wp\/v2\/media\/29301"}],"wp:attachment":[{"href":"https:\/\/niarosa.si\/it\/wp-json\/wp\/v2\/media?parent=35646"}],"wp:term":[{"taxonomy":"product_brand","embeddable":true,"href":"https:\/\/niarosa.si\/it\/wp-json\/wp\/v2\/product_brand?post=35646"},{"taxonomy":"product_cat","embeddable":true,"href":"https:\/\/niarosa.si\/it\/wp-json\/wp\/v2\/product_cat?post=35646"},{"taxonomy":"product_tag","embeddable":true,"href":"https:\/\/niarosa.si\/it\/wp-json\/wp\/v2\/product_tag?post=35646"}],"curies":[{"name":"wp","href":"https:\/\/api.w.org\/{rel}","templated":true}]}}