{"id":35656,"date":"2018-07-25T18:29:43","date_gmt":"2018-07-25T16:29:43","guid":{"rendered":"https:\/\/niarosa.si\/product\/ogrlica-cipka-zlata-2\/"},"modified":"2022-02-18T15:20:33","modified_gmt":"2022-02-18T14:20:33","slug":"collana-in-pizzo-oro","status":"publish","type":"product","link":"https:\/\/niarosa.si\/it\/prodotto\/collana-in-pizzo-oro\/","title":{"rendered":"Collana IN PIZZO, oro"},"content":{"rendered":"<p>Collana alla moda con effetto pizzo.<\/p>\n<p>Colore: oro<br \/>\nDiametro collana di diamanti: ca. 25 cm.<\/p>\n","protected":false},"excerpt":{"rendered":"<p>Ti piacer\u00e0 subito l&#8217;elegante collana in stile pizzo. Illuminer\u00e0 il tuo look e decorer\u00e0 riccamente il tuo outfit preferito.<\/p>\n","protected":false},"featured_media":28684,"comment_status":"closed","ping_status":"closed","template":"","meta":[],"product_brand":[],"product_cat":[447,486],"product_tag":[],"class_list":{"0":"post-35656","1":"product","2":"type-product","3":"status-publish","4":"has-post-thumbnail","6":"product_cat-accessori-alla-moda","7":"product_cat-saldi","9":"first","10":"outofstock","11":"sale","12":"featured","13":"taxable","14":"shipping-taxable","15":"purchasable","16":"product-type-simple"},"_links":{"self":[{"href":"https:\/\/niarosa.si\/it\/wp-json\/wp\/v2\/product\/35656","targetHints":{"allow":["GET"]}}],"collection":[{"href":"https:\/\/niarosa.si\/it\/wp-json\/wp\/v2\/product"}],"about":[{"href":"https:\/\/niarosa.si\/it\/wp-json\/wp\/v2\/types\/product"}],"replies":[{"embeddable":true,"href":"https:\/\/niarosa.si\/it\/wp-json\/wp\/v2\/comments?post=35656"}],"wp:featuredmedia":[{"embeddable":true,"href":"https:\/\/niarosa.si\/it\/wp-json\/wp\/v2\/media\/28684"}],"wp:attachment":[{"href":"https:\/\/niarosa.si\/it\/wp-json\/wp\/v2\/media?parent=35656"}],"wp:term":[{"taxonomy":"product_brand","embeddable":true,"href":"https:\/\/niarosa.si\/it\/wp-json\/wp\/v2\/product_brand?post=35656"},{"taxonomy":"product_cat","embeddable":true,"href":"https:\/\/niarosa.si\/it\/wp-json\/wp\/v2\/product_cat?post=35656"},{"taxonomy":"product_tag","embeddable":true,"href":"https:\/\/niarosa.si\/it\/wp-json\/wp\/v2\/product_tag?post=35656"}],"curies":[{"name":"wp","href":"https:\/\/api.w.org\/{rel}","templated":true}]}}