{"id":36004,"date":"2022-02-25T11:24:47","date_gmt":"2022-02-25T10:24:49","guid":{"rendered":"https:\/\/niarosa.si\/?post_type=product&#038;p=36004"},"modified":"2022-02-25T11:30:50","modified_gmt":"2022-02-25T10:30:50","slug":"felpa-con-cappuccio-lunga-da-donna-con-zip-marine-blu","status":"publish","type":"product","link":"https:\/\/niarosa.si\/it\/prodotto\/felpa-con-cappuccio-lunga-da-donna-con-zip-marine-blu\/","title":{"rendered":"Felpa con cappuccio lunga da donna con zip, marine blu"},"content":{"rendered":"<p>Felpa oversize da donna con zip<\/p>\n<p><strong>Materiale:<\/strong> 90% cotone, 10% elastan<br \/>\n<strong>Colore:<\/strong> come mostrato<br \/>\n<strong>Stile\/modello:<\/strong> classico<br \/>\n<strong>Taglie:<\/strong> taglia unica (S\/M\/L)<\/p>\n<p>Larghezza ascella: 49 cm<br \/>\nLunghezza manica dall&#8217;ascella: 47 cm<br \/>\nLunghezza manica dalla spalla: 58 cm<br \/>\nLunghezza totale: 89 cm<br \/>\nLarghezza fianchi: 51 cm<\/p>\n","protected":false},"excerpt":{"rendered":"<p>Una lunga felpa con cappuccio oversize \u00e8 perfetta per i giorni pi\u00f9 freddi. \u00c8 molto comodo grazie al semplice taglio ampio. La taglia \u00e8 universale e sar\u00e0 adatta per le donne che indossano taglie S\/M\/L.<\/p>\n<p><strong>Taglie: taglia unica (S\/M\/L)<\/strong><\/p>\n<p><strong>Prodotto in UE<\/strong><\/p>\n","protected":false},"featured_media":36868,"comment_status":"closed","ping_status":"closed","template":"","meta":[],"product_brand":[],"product_cat":[583,446],"product_tag":[],"class_list":{"0":"post-36004","1":"product","2":"type-product","3":"status-publish","4":"has-post-thumbnail","6":"product_cat-abbigliamento","7":"product_cat-giacche-e-maglioni","8":"pa_barva-blu","10":"first","11":"instock","12":"featured","13":"taxable","14":"shipping-taxable","15":"purchasable","16":"product-type-simple"},"_links":{"self":[{"href":"https:\/\/niarosa.si\/it\/wp-json\/wp\/v2\/product\/36004","targetHints":{"allow":["GET"]}}],"collection":[{"href":"https:\/\/niarosa.si\/it\/wp-json\/wp\/v2\/product"}],"about":[{"href":"https:\/\/niarosa.si\/it\/wp-json\/wp\/v2\/types\/product"}],"replies":[{"embeddable":true,"href":"https:\/\/niarosa.si\/it\/wp-json\/wp\/v2\/comments?post=36004"}],"wp:featuredmedia":[{"embeddable":true,"href":"https:\/\/niarosa.si\/it\/wp-json\/wp\/v2\/media\/36868"}],"wp:attachment":[{"href":"https:\/\/niarosa.si\/it\/wp-json\/wp\/v2\/media?parent=36004"}],"wp:term":[{"taxonomy":"product_brand","embeddable":true,"href":"https:\/\/niarosa.si\/it\/wp-json\/wp\/v2\/product_brand?post=36004"},{"taxonomy":"product_cat","embeddable":true,"href":"https:\/\/niarosa.si\/it\/wp-json\/wp\/v2\/product_cat?post=36004"},{"taxonomy":"product_tag","embeddable":true,"href":"https:\/\/niarosa.si\/it\/wp-json\/wp\/v2\/product_tag?post=36004"}],"curies":[{"name":"wp","href":"https:\/\/api.w.org\/{rel}","templated":true}]}}