{"id":37220,"date":"2022-03-02T09:20:02","date_gmt":"2022-03-02T08:20:03","guid":{"rendered":"https:\/\/niarosa.si\/?post_type=product&#038;p=37220"},"modified":"2022-03-07T08:24:11","modified_gmt":"2022-03-07T07:24:11","slug":"abito-estivo-con-stampa-floreale-anna-blu-menta","status":"publish","type":"product","link":"https:\/\/niarosa.si\/it\/prodotto\/abito-estivo-con-stampa-floreale-anna-blu-menta\/","title":{"rendered":"Abito estivo con stampa floreale Anna, blu menta"},"content":{"rendered":"<p>Abito floreale estivo<\/p>\n<p><strong>Materiale:<\/strong> 100% poliestere<br \/>\n<strong>Colore:<\/strong> come mostrato<br \/>\n<strong>Stile\/modello:<\/strong> classico<br \/>\n<strong>Taglie:<\/strong> taglia unica (S\/M\/L)<\/p>\n<p>Lunghezza totale: 80 cm<br \/>\nLarghezza ascellare: 32 cm\/dopo lo stretching: 48 cm<br \/>\nLunghezza manica dall&#8217;ascella: 45 cm<\/p>\n","protected":false},"excerpt":{"rendered":"<p>L&#8217;abito estivo Sarah con una stampa floreale giovanile \u00e8 la scelta giusta per te. Con dettaglio busto imbottito sul davanti con chiusura a laccio per una migliore vestibilit\u00e0. Sul retro, l&#8217;abito ha un elastico in vita e uno spacco pi\u00f9 corto per facili i movimenti. <strong>Disponibile in un&#8217;unica taglia che veste S\/M\/L.<\/strong><\/p>\n<p>Prodotto in UE<\/p>\n<p>&nbsp;<\/p>\n<p><span class=\"tlid-translation translation\" lang=\"it\"><span title=\"\">\u00a0<\/span><\/span><\/p>\n","protected":false},"featured_media":37806,"comment_status":"closed","ping_status":"closed","template":"","meta":[],"product_brand":[],"product_cat":[583,464],"product_tag":[],"class_list":{"0":"post-37220","1":"product","2":"type-product","3":"status-publish","4":"has-post-thumbnail","6":"product_cat-abbigliamento","7":"product_cat-vestiti","8":"pa_barva-altro","9":"pa_barva-blu","10":"pa_barva-verde","12":"first","13":"instock","14":"sale","15":"featured","16":"taxable","17":"shipping-taxable","18":"purchasable","19":"product-type-simple"},"_links":{"self":[{"href":"https:\/\/niarosa.si\/it\/wp-json\/wp\/v2\/product\/37220","targetHints":{"allow":["GET"]}}],"collection":[{"href":"https:\/\/niarosa.si\/it\/wp-json\/wp\/v2\/product"}],"about":[{"href":"https:\/\/niarosa.si\/it\/wp-json\/wp\/v2\/types\/product"}],"replies":[{"embeddable":true,"href":"https:\/\/niarosa.si\/it\/wp-json\/wp\/v2\/comments?post=37220"}],"wp:featuredmedia":[{"embeddable":true,"href":"https:\/\/niarosa.si\/it\/wp-json\/wp\/v2\/media\/37806"}],"wp:attachment":[{"href":"https:\/\/niarosa.si\/it\/wp-json\/wp\/v2\/media?parent=37220"}],"wp:term":[{"taxonomy":"product_brand","embeddable":true,"href":"https:\/\/niarosa.si\/it\/wp-json\/wp\/v2\/product_brand?post=37220"},{"taxonomy":"product_cat","embeddable":true,"href":"https:\/\/niarosa.si\/it\/wp-json\/wp\/v2\/product_cat?post=37220"},{"taxonomy":"product_tag","embeddable":true,"href":"https:\/\/niarosa.si\/it\/wp-json\/wp\/v2\/product_tag?post=37220"}],"curies":[{"name":"wp","href":"https:\/\/api.w.org\/{rel}","templated":true}]}}