{"id":37479,"date":"2022-03-02T11:11:19","date_gmt":"2022-03-02T10:11:25","guid":{"rendered":"https:\/\/niarosa.si\/?post_type=product&#038;p=37479"},"modified":"2022-03-07T08:43:10","modified_gmt":"2022-03-07T07:43:10","slug":"felpa-lunga-da-donna-con-cinturini-decorativi-blu","status":"publish","type":"product","link":"https:\/\/niarosa.si\/it\/prodotto\/felpa-lunga-da-donna-con-cinturini-decorativi-blu\/","title":{"rendered":"Felpa lunga da donna con cinturini decorativi, blu"},"content":{"rendered":"<p>Felpa oversize da donna con zip<\/p>\n<p>Materiale: 90% cotone, 10% elastan<br \/>\nColore: come mostrato<br \/>\nStile\/modello: classico<br \/>\nTaglie: taglia unica (S\/M\/L)<\/p>\n<p>Larghezza ascellare: 52 cm<br \/>\nLunghezza manica dall&#8217;ascella: 42 cm<br \/>\nLunghezza manica dalla spalla: 57 cm<br \/>\nLunghezza totale: 85 cm<\/p>\n","protected":false},"excerpt":{"rendered":"<p>La felpa con cappuccio lunga e oversize \u00e8 perfetta per le giornate pi\u00f9 fredde. \u00c8 molto comodo grazie al semplice taglio ampio. Con cinturini decorativi alla moda e cerniera dorata sulle maniche per un effetto speciale. La <strong>taglia \u00e8 universale<\/strong> e sar\u00e0 adatta per le donne che indossano taglie <strong>S\/M\/L.<\/strong><\/p>\n","protected":false},"featured_media":37836,"comment_status":"closed","ping_status":"closed","template":"","meta":[],"product_brand":[],"product_cat":[583,446],"product_tag":[],"class_list":{"0":"post-37479","1":"product","2":"type-product","3":"status-publish","4":"has-post-thumbnail","6":"product_cat-abbigliamento","7":"product_cat-giacche-e-maglioni","8":"pa_barva-blu","10":"first","11":"outofstock","12":"sale","13":"featured","14":"taxable","15":"shipping-taxable","16":"purchasable","17":"product-type-simple"},"_links":{"self":[{"href":"https:\/\/niarosa.si\/it\/wp-json\/wp\/v2\/product\/37479","targetHints":{"allow":["GET"]}}],"collection":[{"href":"https:\/\/niarosa.si\/it\/wp-json\/wp\/v2\/product"}],"about":[{"href":"https:\/\/niarosa.si\/it\/wp-json\/wp\/v2\/types\/product"}],"replies":[{"embeddable":true,"href":"https:\/\/niarosa.si\/it\/wp-json\/wp\/v2\/comments?post=37479"}],"wp:featuredmedia":[{"embeddable":true,"href":"https:\/\/niarosa.si\/it\/wp-json\/wp\/v2\/media\/37836"}],"wp:attachment":[{"href":"https:\/\/niarosa.si\/it\/wp-json\/wp\/v2\/media?parent=37479"}],"wp:term":[{"taxonomy":"product_brand","embeddable":true,"href":"https:\/\/niarosa.si\/it\/wp-json\/wp\/v2\/product_brand?post=37479"},{"taxonomy":"product_cat","embeddable":true,"href":"https:\/\/niarosa.si\/it\/wp-json\/wp\/v2\/product_cat?post=37479"},{"taxonomy":"product_tag","embeddable":true,"href":"https:\/\/niarosa.si\/it\/wp-json\/wp\/v2\/product_tag?post=37479"}],"curies":[{"name":"wp","href":"https:\/\/api.w.org\/{rel}","templated":true}]}}