{"id":37569,"date":"2022-03-02T11:35:20","date_gmt":"2022-03-02T10:35:21","guid":{"rendered":"https:\/\/niarosa.si\/?post_type=product&#038;p=37569"},"modified":"2022-03-07T08:44:42","modified_gmt":"2022-03-07T07:44:42","slug":"felpa-con-cappuccio-da-donna-lori-fucsia","status":"publish","type":"product","link":"https:\/\/niarosa.si\/it\/prodotto\/felpa-con-cappuccio-da-donna-lori-fucsia\/","title":{"rendered":"Felpa con cappuccio da donna Lori, fucsia"},"content":{"rendered":"<p>Felpa oversize da donna con zip<\/p>\n<p><strong>Materiale:<\/strong> 90% cotone, 10% elastan<br \/>\n<strong>Colore:<\/strong> come mostrato<br \/>\n<strong>Stile\/modello:<\/strong> classico<br \/>\n<strong>Taglie:<\/strong> taglia unica (S\/M\/L)<\/p>\n<p>Larghezza ascellare: 57 cm<br \/>\nLunghezza totale anteriore: 67 cm\/posteriore: 87 cm<br \/>\nLunghezza manica dall&#8217;ascella: 46 cm<br \/>\nLunghezza manica dalla spalla: 52 cm<br \/>\nLa larghezza dei fianchi: 61 cm<\/p>\n","protected":false},"excerpt":{"rendered":"<p>La felpa con cappuccio moda donna \u00e8 perfetta per le giornate pi\u00f9 fredde grazie al materiale pi\u00f9 spesso. La giacca \u00e8 pi\u00f9 lunga sul retro, ed \u00e8 anche decorata con un nastro nel cappuccio con la scritta &#8220;love&#8221;. <strong>La taglia \u00e8 universale<\/strong> e sar\u00e0 adatta per le donne che indossano taglie <strong>S\/M\/L.<\/strong><\/p>\n","protected":false},"featured_media":37842,"comment_status":"closed","ping_status":"closed","template":"","meta":[],"product_brand":[],"product_cat":[583,446],"product_tag":[],"class_list":{"0":"post-37569","1":"product","2":"type-product","3":"status-publish","4":"has-post-thumbnail","6":"product_cat-abbigliamento","7":"product_cat-giacche-e-maglioni","8":"pa_barva-altro","10":"first","11":"outofstock","12":"sale","13":"featured","14":"taxable","15":"shipping-taxable","16":"purchasable","17":"product-type-simple"},"_links":{"self":[{"href":"https:\/\/niarosa.si\/it\/wp-json\/wp\/v2\/product\/37569","targetHints":{"allow":["GET"]}}],"collection":[{"href":"https:\/\/niarosa.si\/it\/wp-json\/wp\/v2\/product"}],"about":[{"href":"https:\/\/niarosa.si\/it\/wp-json\/wp\/v2\/types\/product"}],"replies":[{"embeddable":true,"href":"https:\/\/niarosa.si\/it\/wp-json\/wp\/v2\/comments?post=37569"}],"wp:featuredmedia":[{"embeddable":true,"href":"https:\/\/niarosa.si\/it\/wp-json\/wp\/v2\/media\/37842"}],"wp:attachment":[{"href":"https:\/\/niarosa.si\/it\/wp-json\/wp\/v2\/media?parent=37569"}],"wp:term":[{"taxonomy":"product_brand","embeddable":true,"href":"https:\/\/niarosa.si\/it\/wp-json\/wp\/v2\/product_brand?post=37569"},{"taxonomy":"product_cat","embeddable":true,"href":"https:\/\/niarosa.si\/it\/wp-json\/wp\/v2\/product_cat?post=37569"},{"taxonomy":"product_tag","embeddable":true,"href":"https:\/\/niarosa.si\/it\/wp-json\/wp\/v2\/product_tag?post=37569"}],"curies":[{"name":"wp","href":"https:\/\/api.w.org\/{rel}","templated":true}]}}