{"id":37649,"date":"2022-03-02T13:18:38","date_gmt":"2022-03-02T12:18:39","guid":{"rendered":"https:\/\/niarosa.si\/?post_type=product&#038;p=37649"},"modified":"2022-03-07T08:47:29","modified_gmt":"2022-03-07T07:47:29","slug":"felpa-lunga-da-donna-lisa-blu-jeans","status":"publish","type":"product","link":"https:\/\/niarosa.si\/it\/prodotto\/felpa-lunga-da-donna-lisa-blu-jeans\/","title":{"rendered":"Felpa lunga da donna Lisa, blu jeans"},"content":{"rendered":"<p>Felpa oversize da donna con zip<\/p>\n<p><strong>Materiale:<\/strong> 90% cotone, 10% elastan<br \/>\n<strong>Colore:<\/strong> come mostrato<br \/>\n<strong>Stile\/modello:<\/strong> classico<br \/>\n<strong>Taglie:<\/strong> taglia unica (S\/M\/L)<\/p>\n<p>Larghezza ascellare: 53 cm<br \/>\nLunghezza manica dall&#8217;ascella: 46 cm<br \/>\nLunghezza manica dalla spalla: 62 cm<br \/>\nLunghezza totale: 99 cm<\/p>\n","protected":false},"excerpt":{"rendered":"<p>La felpa con cappuccio lunga e oversize \u00e8 perfetta per le giornate pi\u00f9 fredde. Grazie al taglio ampio, \u00e8 comodo e ti sentirai benissimo quando lo indossi.<strong> La taglia \u00e8 universale<\/strong> e sar\u00e0 adatta per le donne che indossano taglie <strong>S\/M\/L<\/strong>.<\/p>\n","protected":false},"featured_media":37854,"comment_status":"closed","ping_status":"closed","template":"","meta":[],"product_brand":[],"product_cat":[583,446],"product_tag":[],"class_list":{"0":"post-37649","1":"product","2":"type-product","3":"status-publish","4":"has-post-thumbnail","6":"product_cat-abbigliamento","7":"product_cat-giacche-e-maglioni","8":"pa_barva-blu","10":"first","11":"instock","12":"sale","13":"featured","14":"taxable","15":"shipping-taxable","16":"purchasable","17":"product-type-simple"},"_links":{"self":[{"href":"https:\/\/niarosa.si\/it\/wp-json\/wp\/v2\/product\/37649","targetHints":{"allow":["GET"]}}],"collection":[{"href":"https:\/\/niarosa.si\/it\/wp-json\/wp\/v2\/product"}],"about":[{"href":"https:\/\/niarosa.si\/it\/wp-json\/wp\/v2\/types\/product"}],"replies":[{"embeddable":true,"href":"https:\/\/niarosa.si\/it\/wp-json\/wp\/v2\/comments?post=37649"}],"wp:featuredmedia":[{"embeddable":true,"href":"https:\/\/niarosa.si\/it\/wp-json\/wp\/v2\/media\/37854"}],"wp:attachment":[{"href":"https:\/\/niarosa.si\/it\/wp-json\/wp\/v2\/media?parent=37649"}],"wp:term":[{"taxonomy":"product_brand","embeddable":true,"href":"https:\/\/niarosa.si\/it\/wp-json\/wp\/v2\/product_brand?post=37649"},{"taxonomy":"product_cat","embeddable":true,"href":"https:\/\/niarosa.si\/it\/wp-json\/wp\/v2\/product_cat?post=37649"},{"taxonomy":"product_tag","embeddable":true,"href":"https:\/\/niarosa.si\/it\/wp-json\/wp\/v2\/product_tag?post=37649"}],"curies":[{"name":"wp","href":"https:\/\/api.w.org\/{rel}","templated":true}]}}