{"id":37790,"date":"2022-03-03T11:44:00","date_gmt":"2022-03-03T10:44:02","guid":{"rendered":"https:\/\/niarosa.si\/?post_type=product&#038;p=37790"},"modified":"2022-03-07T08:54:21","modified_gmt":"2022-03-07T07:54:21","slug":"felpa-donna-extra-lunga-cappuccino","status":"publish","type":"product","link":"https:\/\/niarosa.si\/it\/prodotto\/felpa-donna-extra-lunga-cappuccino\/","title":{"rendered":"Felpa donna extra lunga, cappuccino"},"content":{"rendered":"<p>Felpa oversize da donna con zip<\/p>\n<p>Materiale: 90% cotone, 10% elastan<br \/>\nColore: come mostrato<br \/>\nStile\/modello: classico<br \/>\nTaglie: taglia unica (S\/M\/L)<\/p>\n<p>Larghezza ascella: 49 cm<br \/>\nLunghezza manica dall&#8217;ascella: 47 cm<br \/>\nLunghezza manica dalla spalla: 58 cm<br \/>\nLunghezza totale: 89 cm<br \/>\nLarghezza fianchi: 51 cm<\/p>\n","protected":false},"excerpt":{"rendered":"<p>La felpa con cappuccio <strong>oversize extra lunga<\/strong> \u00e8 perfetta per i giorni pi\u00f9 freddi. Grazie al taglio ampio, \u00e8 comodo e ti sentirai benissimo quando lo indossi. <strong>La taglia \u00e8 universale<\/strong> e sar\u00e0 adatta per le donne che indossano taglie <strong>S\/M\/L.<\/strong><\/p>\n","protected":false},"featured_media":37875,"comment_status":"closed","ping_status":"closed","template":"","meta":[],"product_brand":[],"product_cat":[583,446],"product_tag":[],"class_list":{"0":"post-37790","1":"product","2":"type-product","3":"status-publish","4":"has-post-thumbnail","6":"product_cat-abbigliamento","7":"product_cat-giacche-e-maglioni","8":"pa_barva-marrone","10":"first","11":"outofstock","12":"sale","13":"featured","14":"taxable","15":"shipping-taxable","16":"purchasable","17":"product-type-simple"},"_links":{"self":[{"href":"https:\/\/niarosa.si\/it\/wp-json\/wp\/v2\/product\/37790","targetHints":{"allow":["GET"]}}],"collection":[{"href":"https:\/\/niarosa.si\/it\/wp-json\/wp\/v2\/product"}],"about":[{"href":"https:\/\/niarosa.si\/it\/wp-json\/wp\/v2\/types\/product"}],"replies":[{"embeddable":true,"href":"https:\/\/niarosa.si\/it\/wp-json\/wp\/v2\/comments?post=37790"}],"wp:featuredmedia":[{"embeddable":true,"href":"https:\/\/niarosa.si\/it\/wp-json\/wp\/v2\/media\/37875"}],"wp:attachment":[{"href":"https:\/\/niarosa.si\/it\/wp-json\/wp\/v2\/media?parent=37790"}],"wp:term":[{"taxonomy":"product_brand","embeddable":true,"href":"https:\/\/niarosa.si\/it\/wp-json\/wp\/v2\/product_brand?post=37790"},{"taxonomy":"product_cat","embeddable":true,"href":"https:\/\/niarosa.si\/it\/wp-json\/wp\/v2\/product_cat?post=37790"},{"taxonomy":"product_tag","embeddable":true,"href":"https:\/\/niarosa.si\/it\/wp-json\/wp\/v2\/product_tag?post=37790"}],"curies":[{"name":"wp","href":"https:\/\/api.w.org\/{rel}","templated":true}]}}