{"id":39068,"date":"2022-03-10T13:37:11","date_gmt":"2022-03-10T12:37:15","guid":{"rendered":"https:\/\/niarosa.si\/?post_type=product&#038;p=39068"},"modified":"2022-03-11T16:22:48","modified_gmt":"2022-03-11T15:22:48","slug":"abito-elegante-glitter-argento","status":"publish","type":"product","link":"https:\/\/niarosa.si\/it\/prodotto\/abito-elegante-glitter-argento\/","title":{"rendered":"Abito elegante Glitter, argento"},"content":{"rendered":"<p>Materiale: 75% nylon, 20% lurex, 5% elastan<br \/>\nLavaggio: lavare in lavatrice a 30\u00b0C<br \/>\nColore: come mostrato<br \/>\nStile\/modello: classico<br \/>\nTaglie: taglia unica (S\/M)<\/p>\n<p>Il modello nella foto indossa una taglia unica (altezza 170 cm, petto 93 cm, vita 66 cm, fianchi 93 cm).<\/p>\n<p>larghezza ascella: 39 cm<br \/>\nlunghezza totale: 83 cm<\/p>\n","protected":false},"excerpt":{"rendered":"<p>L&#8217;elegante abito corto \u00e8 realizzato in tessuto a maglia con fibre d&#8217;argento. \u00c8 adatto a tutte le occasioni. La taglia \u00e8 adatta per le donne che indossano S\/M.<\/p>\n","protected":false},"featured_media":39506,"comment_status":"closed","ping_status":"closed","template":"","meta":[],"product_brand":[],"product_cat":[583,464],"product_tag":[],"class_list":{"0":"post-39068","1":"product","2":"type-product","3":"status-publish","4":"has-post-thumbnail","6":"product_cat-abbigliamento","7":"product_cat-vestiti","8":"pa_barva-marrone","10":"first","11":"instock","12":"sale","13":"featured","14":"taxable","15":"shipping-taxable","16":"purchasable","17":"product-type-simple"},"_links":{"self":[{"href":"https:\/\/niarosa.si\/it\/wp-json\/wp\/v2\/product\/39068","targetHints":{"allow":["GET"]}}],"collection":[{"href":"https:\/\/niarosa.si\/it\/wp-json\/wp\/v2\/product"}],"about":[{"href":"https:\/\/niarosa.si\/it\/wp-json\/wp\/v2\/types\/product"}],"replies":[{"embeddable":true,"href":"https:\/\/niarosa.si\/it\/wp-json\/wp\/v2\/comments?post=39068"}],"wp:featuredmedia":[{"embeddable":true,"href":"https:\/\/niarosa.si\/it\/wp-json\/wp\/v2\/media\/39506"}],"wp:attachment":[{"href":"https:\/\/niarosa.si\/it\/wp-json\/wp\/v2\/media?parent=39068"}],"wp:term":[{"taxonomy":"product_brand","embeddable":true,"href":"https:\/\/niarosa.si\/it\/wp-json\/wp\/v2\/product_brand?post=39068"},{"taxonomy":"product_cat","embeddable":true,"href":"https:\/\/niarosa.si\/it\/wp-json\/wp\/v2\/product_cat?post=39068"},{"taxonomy":"product_tag","embeddable":true,"href":"https:\/\/niarosa.si\/it\/wp-json\/wp\/v2\/product_tag?post=39068"}],"curies":[{"name":"wp","href":"https:\/\/api.w.org\/{rel}","templated":true}]}}