{"id":39924,"date":"2022-03-11T14:58:34","date_gmt":"2022-03-11T13:58:38","guid":{"rendered":"https:\/\/niarosa.si\/?post_type=product&#038;p=39924"},"modified":"2022-03-14T10:20:41","modified_gmt":"2022-03-14T09:20:41","slug":"completo-sportivo-da-donna-in-due-pezzi-madeleine-beige","status":"publish","type":"product","link":"https:\/\/niarosa.si\/it\/prodotto\/completo-sportivo-da-donna-in-due-pezzi-madeleine-beige\/","title":{"rendered":"Completo sportivo da donna in due pezzi Madeleine, beige"},"content":{"rendered":"<p>Materiale: 70% cotone, 30% poliestere<br \/>\nLavaggio: lavare in lavatrice a 30\u00b0C<br \/>\nColore: come mostrato<br \/>\nStile\/modello: classico<br \/>\nTaglie: S\/M, L\/XL<\/p>\n<p>Il modello nella foto indossa una S\/M (altezza 175 cm, busto 85 cm, vita 60 cm, fianchi 89 cm).<\/p>\n<p>&nbsp;<\/p>\n<p><strong>GUIDA TAGLIE (misura in cm):<\/strong><\/p>\n<table width=\"793\">\n<tbody>\n<tr>\n<td width=\"70\">TAGLIA<\/td>\n<td width=\"142\">NO. DI CONFEZIONE<\/td>\n<td width=\"153\">PETTO CIRCONFERENZA<\/td>\n<td width=\"157\">VITA CIRCONFERENZA<\/td>\n<td width=\"179\">FIANCHI CIRCONFERENZA<\/td>\n<td width=\"92\">ALTEZZA<\/td>\n<\/tr>\n<tr>\n<td>XS<\/td>\n<td>34<\/td>\n<td>78<\/td>\n<td>63-70<\/td>\n<td>87<\/td>\n<td>156-164<\/td>\n<\/tr>\n<tr>\n<td>S<\/td>\n<td>36<\/td>\n<td>82<\/td>\n<td>72-80<\/td>\n<td>90<\/td>\n<td>160-168<\/td>\n<\/tr>\n<tr>\n<td>M<\/td>\n<td>38<\/td>\n<td>86<\/td>\n<td>78-86<\/td>\n<td>94<\/td>\n<td>162-172<\/td>\n<\/tr>\n<tr>\n<td>L<\/td>\n<td>40<\/td>\n<td>91<\/td>\n<td>84-90<\/td>\n<td>102<\/td>\n<td>164-174<\/td>\n<\/tr>\n<tr>\n<td>XL<\/td>\n<td>42<\/td>\n<td>96<\/td>\n<td>88-96<\/td>\n<td>106<\/td>\n<td>166-178<\/td>\n<\/tr>\n<tr>\n<td>XXL<\/td>\n<td>44<\/td>\n<td>100<\/td>\n<td>84-91<\/td>\n<td>110<\/td>\n<td>168-180<\/td>\n<\/tr>\n<\/tbody>\n<\/table>\n","protected":false},"excerpt":{"rendered":"<p>Questa tuta \u00e8 realizzata in tessuto pi\u00f9 spesso, ideale per le giornate pi\u00f9 fredde. Il taglio ampio del set ti consente comfort e libert\u00e0 di movimento.<\/p>\n","protected":false},"featured_media":40147,"comment_status":"closed","ping_status":"closed","template":"","meta":[],"product_brand":[],"product_cat":[583,451],"product_tag":[],"class_list":{"0":"post-39924","1":"product","2":"type-product","3":"status-publish","4":"has-post-thumbnail","6":"product_cat-abbigliamento","7":"product_cat-sets-it","8":"pa_barva-marrone","10":"first","11":"instock","12":"sale","13":"featured","14":"taxable","15":"shipping-taxable","16":"purchasable","17":"product-type-variable","18":"rtwpvs-product"},"_links":{"self":[{"href":"https:\/\/niarosa.si\/it\/wp-json\/wp\/v2\/product\/39924","targetHints":{"allow":["GET"]}}],"collection":[{"href":"https:\/\/niarosa.si\/it\/wp-json\/wp\/v2\/product"}],"about":[{"href":"https:\/\/niarosa.si\/it\/wp-json\/wp\/v2\/types\/product"}],"replies":[{"embeddable":true,"href":"https:\/\/niarosa.si\/it\/wp-json\/wp\/v2\/comments?post=39924"}],"wp:featuredmedia":[{"embeddable":true,"href":"https:\/\/niarosa.si\/it\/wp-json\/wp\/v2\/media\/40147"}],"wp:attachment":[{"href":"https:\/\/niarosa.si\/it\/wp-json\/wp\/v2\/media?parent=39924"}],"wp:term":[{"taxonomy":"product_brand","embeddable":true,"href":"https:\/\/niarosa.si\/it\/wp-json\/wp\/v2\/product_brand?post=39924"},{"taxonomy":"product_cat","embeddable":true,"href":"https:\/\/niarosa.si\/it\/wp-json\/wp\/v2\/product_cat?post=39924"},{"taxonomy":"product_tag","embeddable":true,"href":"https:\/\/niarosa.si\/it\/wp-json\/wp\/v2\/product_tag?post=39924"}],"curies":[{"name":"wp","href":"https:\/\/api.w.org\/{rel}","templated":true}]}}