{"id":41825,"date":"2022-04-21T11:45:14","date_gmt":"2022-04-28T12:48:20","guid":{"rendered":"https:\/\/niarosa.si\/?post_type=product&#038;p=41825"},"modified":"2022-05-09T15:08:54","modified_gmt":"2022-05-09T13:08:54","slug":"mixgo-top-12-mix-12x3g","status":"publish","type":"product","link":"https:\/\/niarosa.si\/it\/prodotto\/mixgo-top-12-mix-12x3g\/","title":{"rendered":"MIX&#038;GO Top 12 mix, 12x3g"},"content":{"rendered":"<p><strong>Bolero drink MIX&amp;GO<\/strong> in comoda confezione usa e getta \u00e8 un&#8217;ottima scelta per chi ha bisogno di un drink veloce sempre e ovunque. Una busta \u00e8 sufficiente per preparare 0,5 l di bevanda rinfrescante o pi\u00f9. <strong>La confezione MIX&amp;GO contiene 12 buste di gusti diversi.<\/strong><\/p>\n<p>La bevanda Bolero \u00e8 una serie di ricchi aromi <strong>senza zucchero<\/strong> con aggiunta di <strong>vitamina C<\/strong>, di cui il tuo sistema immunitario ha urgente bisogno per il normale funzionamento. La bevanda Bolero non contiene zucchero classico o alla frutta, ma un dolcificante naturale ottenuto da un estratto delle foglie della pianta di stevia. \u00c8 anche un&#8217;ottima scelta per gli atleti e per coloro che seguono una dieta senza zucchero. La bevanda Bolero \u00e8 una buona alternativa alle bevande zuccherate, che hanno dimostrato di essere dannose per la salute. La bevanda non contiene coloranti e conservanti aggiuntivi.<\/p>\n","protected":false},"excerpt":{"rendered":"<p>Bevanda istantanea BOLERO STICKS con gusti misti TOP 12.<\/p>\n<p>In questo fantastico pacchetto di mix ottieni i <strong>12 famosi gusti Bolero<\/strong>. La comoda confezione usa e getta \u00e8 un&#8217;ottima scelta quando devi preparare rapidamente una bevanda ovunque e in qualsiasi momento. Una busta \u00e8 sufficiente per preparare 0,5 l di bevanda rinfrescante.<\/p>\n<p><strong>Gusti inclusi nella confezione:<\/strong> ananas, fiori di sambuco, pesca, pera, mela, ice tea pesca, limone e lime, lampone, mango, multivitamin, arancia e uva rossa.<\/p>\n","protected":false},"featured_media":41478,"comment_status":"closed","ping_status":"closed","template":"","meta":[],"product_brand":[],"product_cat":[663,585],"product_tag":[],"class_list":{"0":"post-41825","1":"product","2":"type-product","3":"status-publish","4":"has-post-thumbnail","6":"product_cat-bolero-drinks-it","7":"product_cat-resto","9":"first","10":"instock","11":"taxable","12":"shipping-taxable","13":"purchasable","14":"product-type-simple"},"_links":{"self":[{"href":"https:\/\/niarosa.si\/it\/wp-json\/wp\/v2\/product\/41825","targetHints":{"allow":["GET"]}}],"collection":[{"href":"https:\/\/niarosa.si\/it\/wp-json\/wp\/v2\/product"}],"about":[{"href":"https:\/\/niarosa.si\/it\/wp-json\/wp\/v2\/types\/product"}],"replies":[{"embeddable":true,"href":"https:\/\/niarosa.si\/it\/wp-json\/wp\/v2\/comments?post=41825"}],"wp:featuredmedia":[{"embeddable":true,"href":"https:\/\/niarosa.si\/it\/wp-json\/wp\/v2\/media\/41478"}],"wp:attachment":[{"href":"https:\/\/niarosa.si\/it\/wp-json\/wp\/v2\/media?parent=41825"}],"wp:term":[{"taxonomy":"product_brand","embeddable":true,"href":"https:\/\/niarosa.si\/it\/wp-json\/wp\/v2\/product_brand?post=41825"},{"taxonomy":"product_cat","embeddable":true,"href":"https:\/\/niarosa.si\/it\/wp-json\/wp\/v2\/product_cat?post=41825"},{"taxonomy":"product_tag","embeddable":true,"href":"https:\/\/niarosa.si\/it\/wp-json\/wp\/v2\/product_tag?post=41825"}],"curies":[{"name":"wp","href":"https:\/\/api.w.org\/{rel}","templated":true}]}}